{"id":1899,"date":"2023-09-19T13:13:26","date_gmt":"2023-09-19T13:13:26","guid":{"rendered":"https:\/\/tollstedtpsykologi.se\/contact-us\/"},"modified":"2025-06-09T14:56:14","modified_gmt":"2025-06-09T14:56:14","slug":"contact-us","status":"publish","type":"page","link":"https:\/\/tollstedtpsykologi.se\/en\/contact-us\/","title":{"rendered":"Contact us"},"content":{"rendered":"\t\t<div data-elementor-type=\"wp-page\" data-elementor-id=\"1899\" class=\"elementor elementor-1899 elementor-780\" data-elementor-settings=\"{&quot;ha_cmc_init_switcher&quot;:&quot;no&quot;}\" data-elementor-post-type=\"page\">\n\t\t\t\t<div class=\"elementor-element elementor-element-08970ee e-flex e-con-boxed e-con e-parent\" data-id=\"08970ee\" data-element_type=\"container\" data-e-type=\"container\" data-settings=\"{&quot;background_background&quot;:&quot;classic&quot;,&quot;_ha_eqh_enable&quot;:false}\">\n\t\t\t\t\t<div class=\"e-con-inner\">\n\t\t<div class=\"elementor-element elementor-element-3cf35fa e-con-full e-flex e-con e-child\" data-id=\"3cf35fa\" data-element_type=\"container\" data-e-type=\"container\" data-settings=\"{&quot;_ha_eqh_enable&quot;:false}\">\n\t\t\t\t<div class=\"elementor-element elementor-element-86b1256 elementor-widget elementor-widget-heading\" data-id=\"86b1256\" data-element_type=\"widget\" data-e-type=\"widget\" data-widget_type=\"heading.default\">\n\t\t\t\t<div class=\"elementor-widget-container\">\n\t\t\t\t\t<h4 class=\"elementor-heading-title elementor-size-default\">Do you have a question?<\/h4>\t\t\t\t<\/div>\n\t\t\t\t<\/div>\n\t\t\t\t<div class=\"elementor-element elementor-element-4b5ccbe elementor-widget elementor-widget-heading\" data-id=\"4b5ccbe\" data-element_type=\"widget\" data-e-type=\"widget\" data-widget_type=\"heading.default\">\n\t\t\t\t<div class=\"elementor-widget-container\">\n\t\t\t\t\t<h1 class=\"elementor-heading-title elementor-size-default\">Get in touch<\/h1>\t\t\t\t<\/div>\n\t\t\t\t<\/div>\n\t\t\t\t<div class=\"elementor-element elementor-element-29484bc elementor-widget elementor-widget-text-editor\" data-id=\"29484bc\" data-element_type=\"widget\" data-e-type=\"widget\" data-widget_type=\"text-editor.default\">\n\t\t\t\t<div class=\"elementor-widget-container\">\n\t\t\t\t\t\t\t\t\t<p>Please contact us for further information, inquiries and booking.<\/p>\n\t\t\t\t\t\t\t\t<\/div>\n\t\t\t\t<\/div>\n\t\t\t\t<div data-ha-element-link=\"{&quot;url&quot;:&quot;mailto:info@tollstedtpsykologi.se&quot;,&quot;is_external&quot;:&quot;&quot;,&quot;nofollow&quot;:&quot;&quot;}\" style=\"cursor: pointer\" class=\"elementor-element elementor-element-73762d7 elementor-position-inline-start elementor-widget__width-auto elementor-mobile-position-inline-start elementor-view-default elementor-widget elementor-widget-icon-box\" data-id=\"73762d7\" data-element_type=\"widget\" data-e-type=\"widget\" data-widget_type=\"icon-box.default\">\n\t\t\t\t<div class=\"elementor-widget-container\">\n\t\t\t\t\t\t\t<div class=\"elementor-icon-box-wrapper\">\n\n\t\t\t\t\t\t<div class=\"elementor-icon-box-icon\">\n\t\t\t\t<a href=\"mailto:info@tollstedtpsykologi.se\" class=\"elementor-icon\" tabindex=\"-1\" aria-label=\"Email address\">\n\t\t\t\t<i aria-hidden=\"true\" class=\"fas fa-envelope\"><\/i>\t\t\t\t<\/a>\n\t\t\t<\/div>\n\t\t\t\n\t\t\t\t\t\t<div class=\"elementor-icon-box-content\">\n\n\t\t\t\t\t\t\t\t\t<h3 class=\"elementor-icon-box-title\">\n\t\t\t\t\t\t<a href=\"mailto:info@tollstedtpsykologi.se\" >\n\t\t\t\t\t\t\tEmail address\t\t\t\t\t\t<\/a>\n\t\t\t\t\t<\/h3>\n\t\t\t\t\n\t\t\t\t\t\t\t\t\t<p class=\"elementor-icon-box-description\">\n\t\t\t\t\t\tinfo@tollstedtpsykologi.se\n\n\t\t\t\t\t<\/p>\n\t\t\t\t\n\t\t\t<\/div>\n\t\t\t\n\t\t<\/div>\n\t\t\t\t\t\t<\/div>\n\t\t\t\t<\/div>\n\t\t\t\t<\/div>\n\t\t<div class=\"elementor-element elementor-element-b50d394 e-con-full e-flex e-con e-child\" data-id=\"b50d394\" data-element_type=\"container\" data-e-type=\"container\" data-settings=\"{&quot;background_background&quot;:&quot;classic&quot;,&quot;_ha_eqh_enable&quot;:false}\">\n\t\t\t\t<div class=\"elementor-element elementor-element-27deb7e elementor-widget elementor-widget-spacer\" data-id=\"27deb7e\" data-element_type=\"widget\" data-e-type=\"widget\" data-widget_type=\"spacer.default\">\n\t\t\t\t<div class=\"elementor-widget-container\">\n\t\t\t\t\t\t\t<div class=\"elementor-spacer\">\n\t\t\t<div class=\"elementor-spacer-inner\"><\/div>\n\t\t<\/div>\n\t\t\t\t\t\t<\/div>\n\t\t\t\t<\/div>\n\t\t\t\t<\/div>\n\t\t\t\t\t<\/div>\n\t\t\t\t<\/div>\n\t\t\t\t<\/div>\n\t\t","protected":false},"excerpt":{"rendered":"<p>Do you have a question? Get in touch Please contact us for further information, inquiries and booking. Email address info@tollstedtpsykologi.se<\/p>\n","protected":false},"author":1,"featured_media":0,"parent":0,"menu_order":0,"comment_status":"closed","ping_status":"closed","template":"elementor_header_footer","meta":{"_monsterinsights_skip_tracking":false,"_monsterinsights_sitenote_active":false,"_monsterinsights_sitenote_note":"","_monsterinsights_sitenote_category":0,"site-sidebar-layout":"no-sidebar","site-content-layout":"page-builder","ast-site-content-layout":"full-width-container","site-content-style":"unboxed","site-sidebar-style":"unboxed","ast-global-header-display":"","ast-banner-title-visibility":"","ast-main-header-display":"","ast-hfb-above-header-display":"","ast-hfb-below-header-display":"","ast-hfb-mobile-header-display":"","site-post-title":"disabled","ast-breadcrumbs-content":"","ast-featured-img":"disabled","footer-sml-layout":"","ast-disable-related-posts":"","theme-transparent-header-meta":"default","adv-header-id-meta":"","stick-header-meta":"","header-above-stick-meta":"","header-main-stick-meta":"","header-below-stick-meta":"","astra-migrate-meta-layouts":"set","ast-page-background-enabled":"default","ast-page-background-meta":{"desktop":{"background-color":"","background-image":"","background-repeat":"repeat","background-position":"center center","background-size":"auto","background-attachment":"scroll","background-type":"","background-media":"","overlay-type":"","overlay-color":"","overlay-opacity":"","overlay-gradient":""},"tablet":{"background-color":"","background-image":"","background-repeat":"repeat","background-position":"center center","background-size":"auto","background-attachment":"scroll","background-type":"","background-media":"","overlay-type":"","overlay-color":"","overlay-opacity":"","overlay-gradient":""},"mobile":{"background-color":"","background-image":"","background-repeat":"repeat","background-position":"center center","background-size":"auto","background-attachment":"scroll","background-type":"","background-media":"","overlay-type":"","overlay-color":"","overlay-opacity":"","overlay-gradient":""}},"ast-content-background-meta":{"desktop":{"background-color":"var(--ast-global-color-5)","background-image":"","background-repeat":"repeat","background-position":"center center","background-size":"auto","background-attachment":"scroll","background-type":"","background-media":"","overlay-type":"","overlay-color":"","overlay-opacity":"","overlay-gradient":""},"tablet":{"background-color":"var(--ast-global-color-5)","background-image":"","background-repeat":"repeat","background-position":"center center","background-size":"auto","background-attachment":"scroll","background-type":"","background-media":"","overlay-type":"","overlay-color":"","overlay-opacity":"","overlay-gradient":""},"mobile":{"background-color":"var(--ast-global-color-5)","background-image":"","background-repeat":"repeat","background-position":"center center","background-size":"auto","background-attachment":"scroll","background-type":"","background-media":"","overlay-type":"","overlay-color":"","overlay-opacity":"","overlay-gradient":""}},"footnotes":""},"class_list":["post-1899","page","type-page","status-publish","hentry"],"yoast_head":"<!-- This site is optimized with the Yoast SEO plugin v27.3 - https:\/\/yoast.com\/product\/yoast-seo-wordpress\/ -->\n<title>Contact Tollstedt Psychology \u2013 Book a Session Today<\/title>\n<meta name=\"description\" content=\"Want to book an appointment or ask a question? Reach out to Tollstedt Psychology for professional support in a safe and welcoming space.\" \/>\n<meta name=\"robots\" content=\"index, follow, max-snippet:-1, max-image-preview:large, max-video-preview:-1\" \/>\n<link rel=\"canonical\" href=\"https:\/\/tollstedtpsykologi.se\/en\/contact-us\/\" \/>\n<meta property=\"og:locale\" content=\"en_US\" \/>\n<meta property=\"og:type\" content=\"article\" \/>\n<meta property=\"og:title\" content=\"Contact Tollstedt Psychology \u2013 Book a Session Today\" \/>\n<meta property=\"og:description\" content=\"Want to book an appointment or ask a question? Reach out to Tollstedt Psychology for professional support in a safe and welcoming space.\" \/>\n<meta property=\"og:url\" content=\"https:\/\/tollstedtpsykologi.se\/en\/contact-us\/\" \/>\n<meta property=\"og:site_name\" content=\"Kristin Tollstedt Psykologi AB\" \/>\n<meta property=\"article:modified_time\" content=\"2025-06-09T14:56:14+00:00\" \/>\n<meta name=\"twitter:card\" content=\"summary_large_image\" \/>\n<meta name=\"twitter:label1\" content=\"Est. reading time\" \/>\n\t<meta name=\"twitter:data1\" content=\"1 minute\" \/>\n<script type=\"application\/ld+json\" class=\"yoast-schema-graph\">{\"@context\":\"https:\\\/\\\/schema.org\",\"@graph\":[{\"@type\":\"WebPage\",\"@id\":\"https:\\\/\\\/tollstedtpsykologi.se\\\/en\\\/contact-us\\\/\",\"url\":\"https:\\\/\\\/tollstedtpsykologi.se\\\/en\\\/contact-us\\\/\",\"name\":\"Contact Tollstedt Psychology \u2013 Book a Session Today\",\"isPartOf\":{\"@id\":\"https:\\\/\\\/tollstedtpsykologi.se\\\/en\\\/#website\"},\"datePublished\":\"2023-09-19T13:13:26+00:00\",\"dateModified\":\"2025-06-09T14:56:14+00:00\",\"description\":\"Want to book an appointment or ask a question? Reach out to Tollstedt Psychology for professional support in a safe and welcoming space.\",\"breadcrumb\":{\"@id\":\"https:\\\/\\\/tollstedtpsykologi.se\\\/en\\\/contact-us\\\/#breadcrumb\"},\"inLanguage\":\"en-US\",\"potentialAction\":[{\"@type\":\"ReadAction\",\"target\":[\"https:\\\/\\\/tollstedtpsykologi.se\\\/en\\\/contact-us\\\/\"]}]},{\"@type\":\"BreadcrumbList\",\"@id\":\"https:\\\/\\\/tollstedtpsykologi.se\\\/en\\\/contact-us\\\/#breadcrumb\",\"itemListElement\":[{\"@type\":\"ListItem\",\"position\":1,\"name\":\"Hem\",\"item\":\"https:\\\/\\\/tollstedtpsykologi.se\\\/en\\\/\"},{\"@type\":\"ListItem\",\"position\":2,\"name\":\"Contact us\"}]},{\"@type\":\"WebSite\",\"@id\":\"https:\\\/\\\/tollstedtpsykologi.se\\\/en\\\/#website\",\"url\":\"https:\\\/\\\/tollstedtpsykologi.se\\\/en\\\/\",\"name\":\"Kristin Tollstedt Psykologi AB\",\"description\":\"F\u00f6r balans i sinnet, b\u00e5de i f\u00f6retaget och i privatlivet\",\"publisher\":{\"@id\":\"https:\\\/\\\/tollstedtpsykologi.se\\\/en\\\/#organization\"},\"potentialAction\":[{\"@type\":\"SearchAction\",\"target\":{\"@type\":\"EntryPoint\",\"urlTemplate\":\"https:\\\/\\\/tollstedtpsykologi.se\\\/en\\\/?s={search_term_string}\"},\"query-input\":{\"@type\":\"PropertyValueSpecification\",\"valueRequired\":true,\"valueName\":\"search_term_string\"}}],\"inLanguage\":\"en-US\"},{\"@type\":\"Organization\",\"@id\":\"https:\\\/\\\/tollstedtpsykologi.se\\\/en\\\/#organization\",\"name\":\"Kristin Tollstedt Psykologi AB\",\"url\":\"https:\\\/\\\/tollstedtpsykologi.se\\\/en\\\/\",\"logo\":{\"@type\":\"ImageObject\",\"inLanguage\":\"en-US\",\"@id\":\"https:\\\/\\\/tollstedtpsykologi.se\\\/en\\\/#\\\/schema\\\/logo\\\/image\\\/\",\"url\":\"https:\\\/\\\/tollstedtpsykologi.se\\\/wp\\\/wp-content\\\/uploads\\\/2020\\\/03\\\/Tollstedt_logo_bla.png\",\"contentUrl\":\"https:\\\/\\\/tollstedtpsykologi.se\\\/wp\\\/wp-content\\\/uploads\\\/2020\\\/03\\\/Tollstedt_logo_bla.png\",\"width\":453,\"height\":240,\"caption\":\"Kristin Tollstedt Psykologi AB\"},\"image\":{\"@id\":\"https:\\\/\\\/tollstedtpsykologi.se\\\/en\\\/#\\\/schema\\\/logo\\\/image\\\/\"}}]}<\/script>\n<!-- \/ Yoast SEO plugin. -->","yoast_head_json":{"title":"Contact Tollstedt Psychology \u2013 Book a Session Today","description":"Want to book an appointment or ask a question? Reach out to Tollstedt Psychology for professional support in a safe and welcoming space.","robots":{"index":"index","follow":"follow","max-snippet":"max-snippet:-1","max-image-preview":"max-image-preview:large","max-video-preview":"max-video-preview:-1"},"canonical":"https:\/\/tollstedtpsykologi.se\/en\/contact-us\/","og_locale":"en_US","og_type":"article","og_title":"Contact Tollstedt Psychology \u2013 Book a Session Today","og_description":"Want to book an appointment or ask a question? Reach out to Tollstedt Psychology for professional support in a safe and welcoming space.","og_url":"https:\/\/tollstedtpsykologi.se\/en\/contact-us\/","og_site_name":"Kristin Tollstedt Psykologi AB","article_modified_time":"2025-06-09T14:56:14+00:00","twitter_card":"summary_large_image","twitter_misc":{"Est. reading time":"1 minute"},"schema":{"@context":"https:\/\/schema.org","@graph":[{"@type":"WebPage","@id":"https:\/\/tollstedtpsykologi.se\/en\/contact-us\/","url":"https:\/\/tollstedtpsykologi.se\/en\/contact-us\/","name":"Contact Tollstedt Psychology \u2013 Book a Session Today","isPartOf":{"@id":"https:\/\/tollstedtpsykologi.se\/en\/#website"},"datePublished":"2023-09-19T13:13:26+00:00","dateModified":"2025-06-09T14:56:14+00:00","description":"Want to book an appointment or ask a question? Reach out to Tollstedt Psychology for professional support in a safe and welcoming space.","breadcrumb":{"@id":"https:\/\/tollstedtpsykologi.se\/en\/contact-us\/#breadcrumb"},"inLanguage":"en-US","potentialAction":[{"@type":"ReadAction","target":["https:\/\/tollstedtpsykologi.se\/en\/contact-us\/"]}]},{"@type":"BreadcrumbList","@id":"https:\/\/tollstedtpsykologi.se\/en\/contact-us\/#breadcrumb","itemListElement":[{"@type":"ListItem","position":1,"name":"Hem","item":"https:\/\/tollstedtpsykologi.se\/en\/"},{"@type":"ListItem","position":2,"name":"Contact us"}]},{"@type":"WebSite","@id":"https:\/\/tollstedtpsykologi.se\/en\/#website","url":"https:\/\/tollstedtpsykologi.se\/en\/","name":"Kristin Tollstedt Psykologi AB","description":"F\u00f6r balans i sinnet, b\u00e5de i f\u00f6retaget och i privatlivet","publisher":{"@id":"https:\/\/tollstedtpsykologi.se\/en\/#organization"},"potentialAction":[{"@type":"SearchAction","target":{"@type":"EntryPoint","urlTemplate":"https:\/\/tollstedtpsykologi.se\/en\/?s={search_term_string}"},"query-input":{"@type":"PropertyValueSpecification","valueRequired":true,"valueName":"search_term_string"}}],"inLanguage":"en-US"},{"@type":"Organization","@id":"https:\/\/tollstedtpsykologi.se\/en\/#organization","name":"Kristin Tollstedt Psykologi AB","url":"https:\/\/tollstedtpsykologi.se\/en\/","logo":{"@type":"ImageObject","inLanguage":"en-US","@id":"https:\/\/tollstedtpsykologi.se\/en\/#\/schema\/logo\/image\/","url":"https:\/\/tollstedtpsykologi.se\/wp\/wp-content\/uploads\/2020\/03\/Tollstedt_logo_bla.png","contentUrl":"https:\/\/tollstedtpsykologi.se\/wp\/wp-content\/uploads\/2020\/03\/Tollstedt_logo_bla.png","width":453,"height":240,"caption":"Kristin Tollstedt Psykologi AB"},"image":{"@id":"https:\/\/tollstedtpsykologi.se\/en\/#\/schema\/logo\/image\/"}}]}},"_links":{"self":[{"href":"https:\/\/tollstedtpsykologi.se\/en\/wp-json\/wp\/v2\/pages\/1899","targetHints":{"allow":["GET"]}}],"collection":[{"href":"https:\/\/tollstedtpsykologi.se\/en\/wp-json\/wp\/v2\/pages"}],"about":[{"href":"https:\/\/tollstedtpsykologi.se\/en\/wp-json\/wp\/v2\/types\/page"}],"author":[{"embeddable":true,"href":"https:\/\/tollstedtpsykologi.se\/en\/wp-json\/wp\/v2\/users\/1"}],"replies":[{"embeddable":true,"href":"https:\/\/tollstedtpsykologi.se\/en\/wp-json\/wp\/v2\/comments?post=1899"}],"version-history":[{"count":3,"href":"https:\/\/tollstedtpsykologi.se\/en\/wp-json\/wp\/v2\/pages\/1899\/revisions"}],"predecessor-version":[{"id":2049,"href":"https:\/\/tollstedtpsykologi.se\/en\/wp-json\/wp\/v2\/pages\/1899\/revisions\/2049"}],"wp:attachment":[{"href":"https:\/\/tollstedtpsykologi.se\/en\/wp-json\/wp\/v2\/media?parent=1899"}],"curies":[{"name":"wp","href":"https:\/\/api.w.org\/{rel}","templated":true}]}}